{"id":121,"date":"2018-03-06T11:32:08","date_gmt":"2018-03-06T10:32:08","guid":{"rendered":"http:\/\/epaso.pl\/?page_id=121"},"modified":"2023-06-29T14:53:26","modified_gmt":"2023-06-29T12:53:26","slug":"dokumentacja","status":"publish","type":"page","link":"https:\/\/epaso.pl\/index.php\/dokumentacja\/","title":{"rendered":"Dokumentacja"},"content":{"rendered":"\t\t<div data-elementor-type=\"wp-page\" data-elementor-id=\"121\" class=\"elementor elementor-121\">\n\t\t\t\t\t\t<section class=\"elementor-section elementor-top-section elementor-element elementor-element-6e4fbfd3 elementor-section-boxed elementor-section-height-default elementor-section-height-default\" data-id=\"6e4fbfd3\" data-element_type=\"section\">\n\t\t\t\t\t\t<div class=\"elementor-container elementor-column-gap-default\">\n\t\t\t\t\t<div class=\"elementor-column elementor-col-100 elementor-top-column elementor-element elementor-element-a1fd091\" data-id=\"a1fd091\" data-element_type=\"column\">\n\t\t\t<div class=\"elementor-widget-wrap elementor-element-populated\">\n\t\t\t\t\t\t<div class=\"elementor-element elementor-element-644aeafa elementor-widget elementor-widget-text-editor\" data-id=\"644aeafa\" data-element_type=\"widget\" data-widget_type=\"text-editor.default\">\n\t\t\t\t<div class=\"elementor-widget-container\">\n\t\t\t\t\t\t\t\t\t<p><img fetchpriority=\"high\" decoding=\"async\" class=\" wp-image-348 alignleft\" src=\"http:\/\/epaso.pl\/wp-content\/uploads\/2018\/04\/Dokumenty-ePASO-logo.png\" alt=\"Dokumenty-ePASO-logo\" width=\"299\" height=\"343\" srcset=\"https:\/\/epaso.pl\/wp-content\/uploads\/2018\/04\/Dokumenty-ePASO-logo.png 854w, https:\/\/epaso.pl\/wp-content\/uploads\/2018\/04\/Dokumenty-ePASO-logo-261x300.png 261w, https:\/\/epaso.pl\/wp-content\/uploads\/2018\/04\/Dokumenty-ePASO-logo-768x881.png 768w\" sizes=\"(max-width: 299px) 100vw, 299px\" \/>Dokumenty do pobrania:<\/p><p><a href=\"http:\/\/epaso.pl\/wp-content\/uploads\/2023\/06\/ePASO_UMOWA_wzor.pdf\" rel=\"attachment wp-att-440\"><strong>ePASO_UMOWA_wz\u00f3r<\/strong><\/a><\/p><p><strong><a href=\"http:\/\/epaso.pl\/wp-content\/uploads\/2023\/06\/ePASO_Zalacznik-nr-1-PROTOKOL-URUCHOMIENIA_wzor.pdf\" rel=\"attachment wp-att-441\">ePASO_Za\u0142\u0105cznik nr 1 PROTOK\u00d3\u0141 URUCHOMIENIA_wz\u00f3r<\/a><\/strong><\/p><p><a href=\"http:\/\/epaso.pl\/wp-content\/uploads\/2023\/06\/ePASO_Zalacznik-nr-2-CENNIK_wzor.pdf\" rel=\"attachment wp-att-442\"><strong>ePASO_Za\u0142\u0105cznik nr 2 CENNIK_wz\u00f3r<\/strong><\/a><\/p><p><a href=\"http:\/\/epaso.pl\/wp-content\/uploads\/2023\/06\/ePASO_Zalacznik-nr-3-URUCHOMIENIE-TESTU_wzor.pdf\" rel=\"attachment wp-att-443\"><strong>ePASO_Za\u0142\u0105cznik nr 3 URUCHOMIENIE TESTU_wz\u00f3r<\/strong><\/a><\/p><p><strong><a style=\"color: black !important;\" href=\"http:\/\/epaso.pl\/wp-content\/uploads\/2018\/03\/ePASO_Instrukcja-obs\u0142ugi-17.01.2017.pdf\"><span style=\"color: #00ff00;\">ePASO_Instrukcja-obs\u0142ugi<\/span><\/a><\/strong><\/p><p><strong><a href=\"http:\/\/epaso.pl\/wp-content\/uploads\/2023\/06\/ePASO_REGULAMIN.pdf\" rel=\"attachment wp-att-444\">ePASO_REGULAMIN<\/a><\/strong><\/p><h2>Masz pytania? Skontaktuj si\u0119 z nami<\/h2><div class=\"wpforms-container wpforms-container-full\" id=\"wpforms-285\"><form id=\"wpforms-form-285\" class=\"wpforms-validate wpforms-form\" data-formid=\"285\" method=\"post\" enctype=\"multipart\/form-data\" action=\"\/index.php\/wp-json\/wp\/v2\/pages\/121\" data-token=\"9b893f4d6e5f0d9b6a0e7df056502d5f\" data-token-time=\"1776410688\"><noscript class=\"wpforms-error-noscript\">Aby wype\u0142ni\u0107 ten formularz, w\u0142\u0105cz obs\u0142ug\u0119 JavaScript w przegl\u0105darce.<\/noscript><div class=\"wpforms-field-container\"><div id=\"wpforms-285-field_6-container\" class=\"wpforms-field wpforms-field-name\" data-field-id=\"6\"><label class=\"wpforms-field-label\">Imi\u0119 i nazwisko <span class=\"wpforms-required-label\">*<\/span><\/label><div class=\"wpforms-field-row wpforms-field-medium\"><div class=\"wpforms-field-row-block wpforms-first wpforms-one-half\"><input type=\"text\" id=\"wpforms-285-field_6\" class=\"wpforms-field-name-first wpforms-field-required\" name=\"wpforms[fields][6][first]\" required><label for=\"wpforms-285-field_6\" class=\"wpforms-field-sublabel after\">Imi\u0119<\/label><\/div><div class=\"wpforms-field-row-block wpforms-one-half\"><input type=\"text\" id=\"wpforms-285-field_6-last\" class=\"wpforms-field-name-last wpforms-field-required\" name=\"wpforms[fields][6][last]\" required><label for=\"wpforms-285-field_6-last\" class=\"wpforms-field-sublabel after\">Nazwisko<\/label><\/div><\/div><\/div><div id=\"wpforms-285-field_7-container\" class=\"wpforms-field wpforms-field-email\" data-field-id=\"7\"><label class=\"wpforms-field-label\" for=\"wpforms-285-field_7\">Adres email <span class=\"wpforms-required-label\">*<\/span><\/label><input type=\"email\" id=\"wpforms-285-field_7\" class=\"wpforms-field-small wpforms-field-required\" name=\"wpforms[fields][7]\" spellcheck=\"false\" required><\/div><div id=\"wpforms-285-field_8-container\" class=\"wpforms-field wpforms-field-number\" data-field-id=\"8\"><label class=\"wpforms-field-label\" for=\"wpforms-285-field_8\">Telefon<\/label><input type=\"number\" id=\"wpforms-285-field_8\" class=\"wpforms-field-small\" name=\"wpforms[fields][8]\" ><\/div><div id=\"wpforms-285-field_9-container\" class=\"wpforms-field wpforms-field-text\" data-field-id=\"9\"><label class=\"wpforms-field-label\" for=\"wpforms-285-field_9\">Firma<\/label><input type=\"text\" id=\"wpforms-285-field_9\" class=\"wpforms-field-small\" name=\"wpforms[fields][9]\" ><\/div><div id=\"wpforms-285-field_10-container\" class=\"wpforms-field wpforms-field-text wpforms-one-thirdwpforms-one-half wpforms-first\" data-field-id=\"10\"><label class=\"wpforms-field-label\" for=\"wpforms-285-field_10\">Tre\u015b\u0107 <span class=\"wpforms-required-label\">*<\/span><\/label><input type=\"text\" id=\"wpforms-285-field_10\" class=\"wpforms-field-large wpforms-field-required\" name=\"wpforms[fields][10]\" required><\/div><div id=\"wpforms-285-field_11-container\" class=\"wpforms-field wpforms-field-email\" data-field-id=\"11\"><label class=\"wpforms-field-label\" for=\"wpforms-285-field_11\">Adres e-mail <span class=\"wpforms-required-label\">*<\/span><\/label><input type=\"email\" id=\"wpforms-285-field_11\" class=\"wpforms-field-medium wpforms-field-required\" name=\"wpforms[fields][11]\" spellcheck=\"false\" required><\/div><\/div><!-- .wpforms-field-container --><div class=\"wpforms-field wpforms-field-hp\"><label for=\"wpforms-285-field-hp\" class=\"wpforms-field-label\">Message<\/label><input type=\"text\" name=\"wpforms[hp]\" id=\"wpforms-285-field-hp\" class=\"wpforms-field-medium\"><\/div><div class=\"wpforms-recaptcha-container wpforms-is-hcaptcha\" ><div class=\"g-recaptcha\" data-sitekey=\"eb6c6d32-9c0a-465e-9da4-8a5022280dcc\"><\/div><input type=\"text\" name=\"g-recaptcha-hidden\" class=\"wpforms-recaptcha-hidden\" style=\"position:absolute!important;clip:rect(0,0,0,0)!important;height:1px!important;width:1px!important;border:0!important;overflow:hidden!important;padding:0!important;margin:0!important;\" data-rule-hcaptcha=\"1\"><\/div><div class=\"wpforms-submit-container\" ><input type=\"hidden\" name=\"wpforms[id]\" value=\"285\"><input type=\"hidden\" name=\"page_title\" value=\"\"><input type=\"hidden\" name=\"page_url\" value=\"https:\/\/epaso.pl\/index.php\/wp-json\/wp\/v2\/pages\/121\"><button type=\"submit\" name=\"wpforms[submit]\" id=\"wpforms-submit-285\" class=\"wpforms-submit\" data-alt-text=\"Wysy\u0142a...\" data-submit-text=\"Wy\u015blij\" aria-live=\"assertive\" value=\"wpforms-submit\">Wy\u015blij<\/button><\/div><\/form><\/div>  <!-- .wpforms-container -->\t\t\t\t\t\t\t\t<\/div>\n\t\t\t\t<\/div>\n\t\t\t\t\t<\/div>\n\t\t<\/div>\n\t\t\t\t\t<\/div>\n\t\t<\/section>\n\t\t\t\t<\/div>\n\t\t","protected":false},"excerpt":{"rendered":"<p>Dokumenty do pobrania: ePASO_UMOWA_wz\u00f3r ePASO_Za\u0142\u0105cznik nr 1 PROTOK\u00d3\u0141 URUCHOMIENIA_wz\u00f3r ePASO_Za\u0142\u0105cznik nr 2 CENNIK_wz\u00f3r ePASO_Za\u0142\u0105cznik nr 3 URUCHOMIENIE TESTU_wz\u00f3r ePASO_Instrukcja-obs\u0142ugi ePASO_REGULAMIN Masz pytania? Skontaktuj si\u0119 z nami<\/p>\n","protected":false},"author":1,"featured_media":0,"parent":0,"menu_order":0,"comment_status":"closed","ping_status":"closed","template":"","meta":{"_exactmetrics_skip_tracking":false,"_exactmetrics_sitenote_active":false,"_exactmetrics_sitenote_note":"","_exactmetrics_sitenote_category":0,"footnotes":""},"class_list":["post-121","page","type-page","status-publish","czr-hentry"],"yoast_head":"<!-- This site is optimized with the Yoast SEO plugin v24.3 - https:\/\/yoast.com\/wordpress\/plugins\/seo\/ -->\n<title>Dokumentacja - epaso.pl<\/title>\n<meta name=\"robots\" content=\"index, follow, max-snippet:-1, max-image-preview:large, max-video-preview:-1\" \/>\n<link rel=\"canonical\" href=\"https:\/\/epaso.pl\/index.php\/dokumentacja\/\" \/>\n<meta property=\"og:locale\" content=\"pl_PL\" \/>\n<meta property=\"og:type\" content=\"article\" \/>\n<meta property=\"og:title\" content=\"Dokumentacja - epaso.pl\" \/>\n<meta property=\"og:description\" content=\"Dokumenty do pobrania: ePASO_UMOWA_wz\u00f3r ePASO_Za\u0142\u0105cznik nr 1 PROTOK\u00d3\u0141 URUCHOMIENIA_wz\u00f3r ePASO_Za\u0142\u0105cznik nr 2 CENNIK_wz\u00f3r ePASO_Za\u0142\u0105cznik nr 3 URUCHOMIENIE TESTU_wz\u00f3r ePASO_Instrukcja-obs\u0142ugi ePASO_REGULAMIN Masz pytania? Skontaktuj si\u0119 z nami\" \/>\n<meta property=\"og:url\" content=\"https:\/\/epaso.pl\/index.php\/dokumentacja\/\" \/>\n<meta property=\"og:site_name\" content=\"epaso.pl\" \/>\n<meta property=\"article:modified_time\" content=\"2023-06-29T12:53:26+00:00\" \/>\n<meta property=\"og:image\" content=\"http:\/\/epaso.pl\/wp-content\/uploads\/2018\/04\/Dokumenty-ePASO-logo.png\" \/>\n<meta name=\"twitter:card\" content=\"summary_large_image\" \/>\n<script type=\"application\/ld+json\" class=\"yoast-schema-graph\">{\"@context\":\"https:\/\/schema.org\",\"@graph\":[{\"@type\":\"WebPage\",\"@id\":\"https:\/\/epaso.pl\/index.php\/dokumentacja\/\",\"url\":\"https:\/\/epaso.pl\/index.php\/dokumentacja\/\",\"name\":\"Dokumentacja - epaso.pl\",\"isPartOf\":{\"@id\":\"http:\/\/epaso.pl\/#website\"},\"primaryImageOfPage\":{\"@id\":\"https:\/\/epaso.pl\/index.php\/dokumentacja\/#primaryimage\"},\"image\":{\"@id\":\"https:\/\/epaso.pl\/index.php\/dokumentacja\/#primaryimage\"},\"thumbnailUrl\":\"http:\/\/epaso.pl\/wp-content\/uploads\/2018\/04\/Dokumenty-ePASO-logo.png\",\"datePublished\":\"2018-03-06T10:32:08+00:00\",\"dateModified\":\"2023-06-29T12:53:26+00:00\",\"breadcrumb\":{\"@id\":\"https:\/\/epaso.pl\/index.php\/dokumentacja\/#breadcrumb\"},\"inLanguage\":\"pl-PL\",\"potentialAction\":[{\"@type\":\"ReadAction\",\"target\":[\"https:\/\/epaso.pl\/index.php\/dokumentacja\/\"]}]},{\"@type\":\"ImageObject\",\"inLanguage\":\"pl-PL\",\"@id\":\"https:\/\/epaso.pl\/index.php\/dokumentacja\/#primaryimage\",\"url\":\"http:\/\/epaso.pl\/wp-content\/uploads\/2018\/04\/Dokumenty-ePASO-logo.png\",\"contentUrl\":\"http:\/\/epaso.pl\/wp-content\/uploads\/2018\/04\/Dokumenty-ePASO-logo.png\"},{\"@type\":\"BreadcrumbList\",\"@id\":\"https:\/\/epaso.pl\/index.php\/dokumentacja\/#breadcrumb\",\"itemListElement\":[{\"@type\":\"ListItem\",\"position\":1,\"name\":\"Strona g\u0142\u00f3wna\",\"item\":\"http:\/\/epaso.pl\/\"},{\"@type\":\"ListItem\",\"position\":2,\"name\":\"Dokumentacja\"}]},{\"@type\":\"WebSite\",\"@id\":\"http:\/\/epaso.pl\/#website\",\"url\":\"http:\/\/epaso.pl\/\",\"name\":\"epaso.pl\",\"description\":\"Elektroniczna Platforma Analiz Serwis\u00f3w Og\u0142oszeniowych\",\"potentialAction\":[{\"@type\":\"SearchAction\",\"target\":{\"@type\":\"EntryPoint\",\"urlTemplate\":\"http:\/\/epaso.pl\/?s={search_term_string}\"},\"query-input\":{\"@type\":\"PropertyValueSpecification\",\"valueRequired\":true,\"valueName\":\"search_term_string\"}}],\"inLanguage\":\"pl-PL\"}]}<\/script>\n<!-- \/ Yoast SEO plugin. -->","yoast_head_json":{"title":"Dokumentacja - epaso.pl","robots":{"index":"index","follow":"follow","max-snippet":"max-snippet:-1","max-image-preview":"max-image-preview:large","max-video-preview":"max-video-preview:-1"},"canonical":"https:\/\/epaso.pl\/index.php\/dokumentacja\/","og_locale":"pl_PL","og_type":"article","og_title":"Dokumentacja - epaso.pl","og_description":"Dokumenty do pobrania: ePASO_UMOWA_wz\u00f3r ePASO_Za\u0142\u0105cznik nr 1 PROTOK\u00d3\u0141 URUCHOMIENIA_wz\u00f3r ePASO_Za\u0142\u0105cznik nr 2 CENNIK_wz\u00f3r ePASO_Za\u0142\u0105cznik nr 3 URUCHOMIENIE TESTU_wz\u00f3r ePASO_Instrukcja-obs\u0142ugi ePASO_REGULAMIN Masz pytania? Skontaktuj si\u0119 z nami","og_url":"https:\/\/epaso.pl\/index.php\/dokumentacja\/","og_site_name":"epaso.pl","article_modified_time":"2023-06-29T12:53:26+00:00","og_image":[{"url":"http:\/\/epaso.pl\/wp-content\/uploads\/2018\/04\/Dokumenty-ePASO-logo.png","type":"","width":"","height":""}],"twitter_card":"summary_large_image","schema":{"@context":"https:\/\/schema.org","@graph":[{"@type":"WebPage","@id":"https:\/\/epaso.pl\/index.php\/dokumentacja\/","url":"https:\/\/epaso.pl\/index.php\/dokumentacja\/","name":"Dokumentacja - epaso.pl","isPartOf":{"@id":"http:\/\/epaso.pl\/#website"},"primaryImageOfPage":{"@id":"https:\/\/epaso.pl\/index.php\/dokumentacja\/#primaryimage"},"image":{"@id":"https:\/\/epaso.pl\/index.php\/dokumentacja\/#primaryimage"},"thumbnailUrl":"http:\/\/epaso.pl\/wp-content\/uploads\/2018\/04\/Dokumenty-ePASO-logo.png","datePublished":"2018-03-06T10:32:08+00:00","dateModified":"2023-06-29T12:53:26+00:00","breadcrumb":{"@id":"https:\/\/epaso.pl\/index.php\/dokumentacja\/#breadcrumb"},"inLanguage":"pl-PL","potentialAction":[{"@type":"ReadAction","target":["https:\/\/epaso.pl\/index.php\/dokumentacja\/"]}]},{"@type":"ImageObject","inLanguage":"pl-PL","@id":"https:\/\/epaso.pl\/index.php\/dokumentacja\/#primaryimage","url":"http:\/\/epaso.pl\/wp-content\/uploads\/2018\/04\/Dokumenty-ePASO-logo.png","contentUrl":"http:\/\/epaso.pl\/wp-content\/uploads\/2018\/04\/Dokumenty-ePASO-logo.png"},{"@type":"BreadcrumbList","@id":"https:\/\/epaso.pl\/index.php\/dokumentacja\/#breadcrumb","itemListElement":[{"@type":"ListItem","position":1,"name":"Strona g\u0142\u00f3wna","item":"http:\/\/epaso.pl\/"},{"@type":"ListItem","position":2,"name":"Dokumentacja"}]},{"@type":"WebSite","@id":"http:\/\/epaso.pl\/#website","url":"http:\/\/epaso.pl\/","name":"epaso.pl","description":"Elektroniczna Platforma Analiz Serwis\u00f3w Og\u0142oszeniowych","potentialAction":[{"@type":"SearchAction","target":{"@type":"EntryPoint","urlTemplate":"http:\/\/epaso.pl\/?s={search_term_string}"},"query-input":{"@type":"PropertyValueSpecification","valueRequired":true,"valueName":"search_term_string"}}],"inLanguage":"pl-PL"}]}},"_links":{"self":[{"href":"https:\/\/epaso.pl\/index.php\/wp-json\/wp\/v2\/pages\/121","targetHints":{"allow":["GET"]}}],"collection":[{"href":"https:\/\/epaso.pl\/index.php\/wp-json\/wp\/v2\/pages"}],"about":[{"href":"https:\/\/epaso.pl\/index.php\/wp-json\/wp\/v2\/types\/page"}],"author":[{"embeddable":true,"href":"https:\/\/epaso.pl\/index.php\/wp-json\/wp\/v2\/users\/1"}],"replies":[{"embeddable":true,"href":"https:\/\/epaso.pl\/index.php\/wp-json\/wp\/v2\/comments?post=121"}],"version-history":[{"count":83,"href":"https:\/\/epaso.pl\/index.php\/wp-json\/wp\/v2\/pages\/121\/revisions"}],"predecessor-version":[{"id":494,"href":"https:\/\/epaso.pl\/index.php\/wp-json\/wp\/v2\/pages\/121\/revisions\/494"}],"wp:attachment":[{"href":"https:\/\/epaso.pl\/index.php\/wp-json\/wp\/v2\/media?parent=121"}],"curies":[{"name":"wp","href":"https:\/\/api.w.org\/{rel}","templated":true}]}}