{"id":101,"date":"2018-03-06T11:06:17","date_gmt":"2018-03-06T10:06:17","guid":{"rendered":"http:\/\/epaso.pl\/?page_id=101"},"modified":"2018-04-23T12:39:14","modified_gmt":"2018-04-23T10:39:14","slug":"korzysci","status":"publish","type":"page","link":"https:\/\/epaso.pl\/index.php\/korzysci\/","title":{"rendered":"Korzy\u015bci"},"content":{"rendered":"<p>Dzi\u0119ki pomiarowi ilo\u015bci kontakt\u00f3w telefonicznych mo\u017cna:<\/p>\n<p><strong>OPTYMALIZOWA\u0106<br \/>\n<\/strong>&#8211; Koszty, czyli bud\u017cet marketingowo-og\u0142oszeniowy (przenosi\u0107 finanse na rzecz najbardziej efektywnych medi\u00f3w).<br \/>\n&#8211; Opisy og\u0142osze\u0144, wyceny towar\u00f3w, jako\u015b\u0107 reklam.<br \/>\n&#8211; Organizacj\u0119 pracy dzia\u0142\u00f3w sprzeda\u017cy, contact center, marketingu i reklamy.<\/p>\n<p><strong>AUTOMATYZOWA\u0106<br \/>\n<\/strong>&#8211; Procesy decyzyjne.<br \/>\n&#8211; Procesy analityczne.<strong><br \/>\n<\/strong><\/p>\n<p><strong>MIERZY\u0106<br \/>\n<\/strong>&#8211; Jako\u015b\u0107 i efektywno\u015b\u0107 serwis\u00f3w og\u0142oszeniowych oraz innych medi\u00f3w poprzez ilo\u015b\u0107 po\u0142\u0105cze\u0144 telefonicznych od klient\u00f3w.<br \/>\n&#8211; Skuteczno\u015b\u0107 wydawanych pieni\u0119dzy na marketing i og\u0142oszenia.<strong><br \/>\n<\/strong><\/p>\n<p><strong>KONTROLOWA\u0106<br \/>\n<\/strong>&#8211; Ilo\u015b\u0107 odebranych po\u0142\u0105cze\u0144 ze wskazaniem numer\u00f3w telefonicznych i rozm\u00f3wc\u00f3w.<br \/>\n&#8211; Ilo\u015b\u0107 nieodebranych po\u0142\u0105cze\u0144 ze wskazaniem pracownika i godziny nieodebranego po\u0142\u0105czenia.<br \/>\n&#8211; Jako\u015b\u0107 obs\u0142ugi Klienta poprzez ods\u0142uchiwanie nagranych rozm\u00f3w z Klientami.<br \/>\n&#8211; Jako\u015b\u0107 realizowanych dzia\u0142a\u0144 sprzeda\u017cowych.<br \/>\n&#8211; Efektywno\u015b\u0107 i aktywno\u015b\u0107 pracownik\u00f3w.<strong><br \/>\n<\/strong><\/p>\n<p><strong>BUDOWA\u0106<\/strong><br \/>\n&#8211; Bazy danych numer\u00f3w klient\u00f3w inicjuj\u0105cych po\u0142\u0105czenia.<\/p>\n<h2>Cechy Platformy ePASO<\/h2>\n<figure id=\"attachment_102\" aria-describedby=\"caption-attachment-102\" style=\"width: 786px\" class=\"wp-caption aligncenter\"><img fetchpriority=\"high\" decoding=\"async\" class=\" wp-image-102\" src=\"http:\/\/epaso.pl\/wp-content\/uploads\/2018\/03\/1-300x189.jpg\" alt=\"\" width=\"786\" height=\"495\" srcset=\"https:\/\/epaso.pl\/wp-content\/uploads\/2018\/03\/1-300x189.jpg 300w, https:\/\/epaso.pl\/wp-content\/uploads\/2018\/03\/1-768x483.jpg 768w, https:\/\/epaso.pl\/wp-content\/uploads\/2018\/03\/1-1024x644.jpg 1024w\" sizes=\"(max-width: 786px) 100vw, 786px\" \/><figcaption id=\"caption-attachment-102\" class=\"wp-caption-text\">Cechy Platormy ePASO<\/figcaption><\/figure>\n<p>&nbsp;<\/p>\n<h2>Skontaktuj si\u0119 z nami<\/h2>\n<div class=\"wpforms-container wpforms-container-full\" id=\"wpforms-285\"><form id=\"wpforms-form-285\" class=\"wpforms-validate wpforms-form\" data-formid=\"285\" method=\"post\" enctype=\"multipart\/form-data\" action=\"\/index.php\/wp-json\/wp\/v2\/pages\/101\" data-token=\"9b893f4d6e5f0d9b6a0e7df056502d5f\" data-token-time=\"1776410207\"><noscript class=\"wpforms-error-noscript\">Aby wype\u0142ni\u0107 ten formularz, w\u0142\u0105cz obs\u0142ug\u0119 JavaScript w przegl\u0105darce.<\/noscript><div class=\"wpforms-field-container\"><div id=\"wpforms-285-field_6-container\" class=\"wpforms-field wpforms-field-name\" data-field-id=\"6\"><label class=\"wpforms-field-label\">Imi\u0119 i nazwisko <span class=\"wpforms-required-label\">*<\/span><\/label><div class=\"wpforms-field-row wpforms-field-medium\"><div class=\"wpforms-field-row-block wpforms-first wpforms-one-half\"><input type=\"text\" id=\"wpforms-285-field_6\" class=\"wpforms-field-name-first wpforms-field-required\" name=\"wpforms[fields][6][first]\" required><label for=\"wpforms-285-field_6\" class=\"wpforms-field-sublabel after\">Imi\u0119<\/label><\/div><div class=\"wpforms-field-row-block wpforms-one-half\"><input type=\"text\" id=\"wpforms-285-field_6-last\" class=\"wpforms-field-name-last wpforms-field-required\" name=\"wpforms[fields][6][last]\" required><label for=\"wpforms-285-field_6-last\" class=\"wpforms-field-sublabel after\">Nazwisko<\/label><\/div><\/div><\/div><div id=\"wpforms-285-field_7-container\" class=\"wpforms-field wpforms-field-email\" data-field-id=\"7\"><label class=\"wpforms-field-label\" for=\"wpforms-285-field_7\">Adres email <span class=\"wpforms-required-label\">*<\/span><\/label><input type=\"email\" id=\"wpforms-285-field_7\" class=\"wpforms-field-small wpforms-field-required\" name=\"wpforms[fields][7]\" spellcheck=\"false\" required><\/div><div id=\"wpforms-285-field_8-container\" class=\"wpforms-field wpforms-field-number\" data-field-id=\"8\"><label class=\"wpforms-field-label\" for=\"wpforms-285-field_8\">Telefon<\/label><input type=\"number\" id=\"wpforms-285-field_8\" class=\"wpforms-field-small\" name=\"wpforms[fields][8]\" ><\/div><div id=\"wpforms-285-field_9-container\" class=\"wpforms-field wpforms-field-text\" data-field-id=\"9\"><label class=\"wpforms-field-label\" for=\"wpforms-285-field_9\">Firma<\/label><input type=\"text\" id=\"wpforms-285-field_9\" class=\"wpforms-field-small\" name=\"wpforms[fields][9]\" ><\/div><div id=\"wpforms-285-field_10-container\" class=\"wpforms-field wpforms-field-text wpforms-one-thirdwpforms-one-half wpforms-first\" data-field-id=\"10\"><label class=\"wpforms-field-label\" for=\"wpforms-285-field_10\">Tre\u015b\u0107 <span class=\"wpforms-required-label\">*<\/span><\/label><input type=\"text\" id=\"wpforms-285-field_10\" class=\"wpforms-field-large wpforms-field-required\" name=\"wpforms[fields][10]\" required><\/div><div id=\"wpforms-285-field_11-container\" class=\"wpforms-field wpforms-field-email\" data-field-id=\"11\"><label class=\"wpforms-field-label\" for=\"wpforms-285-field_11\">Adres e-mail <span class=\"wpforms-required-label\">*<\/span><\/label><input type=\"email\" id=\"wpforms-285-field_11\" class=\"wpforms-field-medium wpforms-field-required\" name=\"wpforms[fields][11]\" spellcheck=\"false\" required><\/div><\/div><!-- .wpforms-field-container --><div class=\"wpforms-field wpforms-field-hp\"><label for=\"wpforms-285-field-hp\" class=\"wpforms-field-label\">Email<\/label><input type=\"text\" name=\"wpforms[hp]\" id=\"wpforms-285-field-hp\" class=\"wpforms-field-medium\"><\/div><div class=\"wpforms-recaptcha-container wpforms-is-hcaptcha\" ><div class=\"g-recaptcha\" data-sitekey=\"eb6c6d32-9c0a-465e-9da4-8a5022280dcc\"><\/div><input type=\"text\" name=\"g-recaptcha-hidden\" class=\"wpforms-recaptcha-hidden\" style=\"position:absolute!important;clip:rect(0,0,0,0)!important;height:1px!important;width:1px!important;border:0!important;overflow:hidden!important;padding:0!important;margin:0!important;\" data-rule-hcaptcha=\"1\"><\/div><div class=\"wpforms-submit-container\" ><input type=\"hidden\" name=\"wpforms[id]\" value=\"285\"><input type=\"hidden\" name=\"page_title\" value=\"\"><input type=\"hidden\" name=\"page_url\" value=\"https:\/\/epaso.pl\/index.php\/wp-json\/wp\/v2\/pages\/101\"><button type=\"submit\" name=\"wpforms[submit]\" id=\"wpforms-submit-285\" class=\"wpforms-submit\" data-alt-text=\"Wysy\u0142a...\" data-submit-text=\"Wy\u015blij\" aria-live=\"assertive\" value=\"wpforms-submit\">Wy\u015blij<\/button><\/div><\/form><\/div>  <!-- .wpforms-container -->\n","protected":false},"excerpt":{"rendered":"<p>Dzi\u0119ki pomiarowi ilo\u015bci kontakt\u00f3w telefonicznych mo\u017cna: OPTYMALIZOWA\u0106 &#8211; Koszty, czyli bud\u017cet marketingowo-og\u0142oszeniowy (przenosi\u0107 finanse na rzecz najbardziej efektywnych medi\u00f3w). &#8211; Opisy og\u0142osze\u0144, wyceny towar\u00f3w, jako\u015b\u0107 reklam. &#8211; Organizacj\u0119 pracy dzia\u0142\u00f3w sprzeda\u017cy, contact center, marketingu i reklamy. AUTOMATYZOWA\u0106 &#8211; Procesy decyzyjne. &#8211; Procesy analityczne. MIERZY\u0106 &#8211; Jako\u015b\u0107 i efektywno\u015b\u0107 serwis\u00f3w og\u0142oszeniowych oraz innych medi\u00f3w poprzez ilo\u015b\u0107 [&hellip;]<\/p>\n","protected":false},"author":1,"featured_media":0,"parent":0,"menu_order":0,"comment_status":"closed","ping_status":"closed","template":"","meta":{"_exactmetrics_skip_tracking":false,"_exactmetrics_sitenote_active":false,"_exactmetrics_sitenote_note":"","_exactmetrics_sitenote_category":0,"footnotes":""},"class_list":["post-101","page","type-page","status-publish","czr-hentry"],"yoast_head":"<!-- This site is optimized with the Yoast SEO plugin v24.3 - https:\/\/yoast.com\/wordpress\/plugins\/seo\/ -->\n<title>Korzy\u015bci - epaso.pl<\/title>\n<meta name=\"robots\" content=\"index, follow, max-snippet:-1, max-image-preview:large, max-video-preview:-1\" \/>\n<link rel=\"canonical\" href=\"https:\/\/epaso.pl\/index.php\/korzysci\/\" \/>\n<meta property=\"og:locale\" content=\"pl_PL\" \/>\n<meta property=\"og:type\" content=\"article\" \/>\n<meta property=\"og:title\" content=\"Korzy\u015bci - epaso.pl\" \/>\n<meta property=\"og:description\" content=\"Dzi\u0119ki pomiarowi ilo\u015bci kontakt\u00f3w telefonicznych mo\u017cna: OPTYMALIZOWA\u0106 &#8211; Koszty, czyli bud\u017cet marketingowo-og\u0142oszeniowy (przenosi\u0107 finanse na rzecz najbardziej efektywnych medi\u00f3w). &#8211; Opisy og\u0142osze\u0144, wyceny towar\u00f3w, jako\u015b\u0107 reklam. &#8211; Organizacj\u0119 pracy dzia\u0142\u00f3w sprzeda\u017cy, contact center, marketingu i reklamy. AUTOMATYZOWA\u0106 &#8211; Procesy decyzyjne. &#8211; Procesy analityczne. MIERZY\u0106 &#8211; Jako\u015b\u0107 i efektywno\u015b\u0107 serwis\u00f3w og\u0142oszeniowych oraz innych medi\u00f3w poprzez ilo\u015b\u0107 [&hellip;]\" \/>\n<meta property=\"og:url\" content=\"https:\/\/epaso.pl\/index.php\/korzysci\/\" \/>\n<meta property=\"og:site_name\" content=\"epaso.pl\" \/>\n<meta property=\"article:modified_time\" content=\"2018-04-23T10:39:14+00:00\" \/>\n<meta property=\"og:image\" content=\"http:\/\/epaso.pl\/wp-content\/uploads\/2018\/03\/1-300x189.jpg\" \/>\n<meta name=\"twitter:card\" content=\"summary_large_image\" \/>\n<meta name=\"twitter:label1\" content=\"Szacowany czas czytania\" \/>\n\t<meta name=\"twitter:data1\" content=\"1 minuta\" \/>\n<script type=\"application\/ld+json\" class=\"yoast-schema-graph\">{\"@context\":\"https:\/\/schema.org\",\"@graph\":[{\"@type\":\"WebPage\",\"@id\":\"https:\/\/epaso.pl\/index.php\/korzysci\/\",\"url\":\"https:\/\/epaso.pl\/index.php\/korzysci\/\",\"name\":\"Korzy\u015bci - epaso.pl\",\"isPartOf\":{\"@id\":\"http:\/\/epaso.pl\/#website\"},\"primaryImageOfPage\":{\"@id\":\"https:\/\/epaso.pl\/index.php\/korzysci\/#primaryimage\"},\"image\":{\"@id\":\"https:\/\/epaso.pl\/index.php\/korzysci\/#primaryimage\"},\"thumbnailUrl\":\"http:\/\/epaso.pl\/wp-content\/uploads\/2018\/03\/1-300x189.jpg\",\"datePublished\":\"2018-03-06T10:06:17+00:00\",\"dateModified\":\"2018-04-23T10:39:14+00:00\",\"breadcrumb\":{\"@id\":\"https:\/\/epaso.pl\/index.php\/korzysci\/#breadcrumb\"},\"inLanguage\":\"pl-PL\",\"potentialAction\":[{\"@type\":\"ReadAction\",\"target\":[\"https:\/\/epaso.pl\/index.php\/korzysci\/\"]}]},{\"@type\":\"ImageObject\",\"inLanguage\":\"pl-PL\",\"@id\":\"https:\/\/epaso.pl\/index.php\/korzysci\/#primaryimage\",\"url\":\"http:\/\/epaso.pl\/wp-content\/uploads\/2018\/03\/1-300x189.jpg\",\"contentUrl\":\"http:\/\/epaso.pl\/wp-content\/uploads\/2018\/03\/1-300x189.jpg\"},{\"@type\":\"BreadcrumbList\",\"@id\":\"https:\/\/epaso.pl\/index.php\/korzysci\/#breadcrumb\",\"itemListElement\":[{\"@type\":\"ListItem\",\"position\":1,\"name\":\"Strona g\u0142\u00f3wna\",\"item\":\"http:\/\/epaso.pl\/\"},{\"@type\":\"ListItem\",\"position\":2,\"name\":\"Korzy\u015bci\"}]},{\"@type\":\"WebSite\",\"@id\":\"http:\/\/epaso.pl\/#website\",\"url\":\"http:\/\/epaso.pl\/\",\"name\":\"epaso.pl\",\"description\":\"Elektroniczna Platforma Analiz Serwis\u00f3w Og\u0142oszeniowych\",\"potentialAction\":[{\"@type\":\"SearchAction\",\"target\":{\"@type\":\"EntryPoint\",\"urlTemplate\":\"http:\/\/epaso.pl\/?s={search_term_string}\"},\"query-input\":{\"@type\":\"PropertyValueSpecification\",\"valueRequired\":true,\"valueName\":\"search_term_string\"}}],\"inLanguage\":\"pl-PL\"}]}<\/script>\n<!-- \/ Yoast SEO plugin. -->","yoast_head_json":{"title":"Korzy\u015bci - epaso.pl","robots":{"index":"index","follow":"follow","max-snippet":"max-snippet:-1","max-image-preview":"max-image-preview:large","max-video-preview":"max-video-preview:-1"},"canonical":"https:\/\/epaso.pl\/index.php\/korzysci\/","og_locale":"pl_PL","og_type":"article","og_title":"Korzy\u015bci - epaso.pl","og_description":"Dzi\u0119ki pomiarowi ilo\u015bci kontakt\u00f3w telefonicznych mo\u017cna: OPTYMALIZOWA\u0106 &#8211; Koszty, czyli bud\u017cet marketingowo-og\u0142oszeniowy (przenosi\u0107 finanse na rzecz najbardziej efektywnych medi\u00f3w). &#8211; Opisy og\u0142osze\u0144, wyceny towar\u00f3w, jako\u015b\u0107 reklam. &#8211; Organizacj\u0119 pracy dzia\u0142\u00f3w sprzeda\u017cy, contact center, marketingu i reklamy. AUTOMATYZOWA\u0106 &#8211; Procesy decyzyjne. &#8211; Procesy analityczne. MIERZY\u0106 &#8211; Jako\u015b\u0107 i efektywno\u015b\u0107 serwis\u00f3w og\u0142oszeniowych oraz innych medi\u00f3w poprzez ilo\u015b\u0107 [&hellip;]","og_url":"https:\/\/epaso.pl\/index.php\/korzysci\/","og_site_name":"epaso.pl","article_modified_time":"2018-04-23T10:39:14+00:00","og_image":[{"url":"http:\/\/epaso.pl\/wp-content\/uploads\/2018\/03\/1-300x189.jpg","type":"","width":"","height":""}],"twitter_card":"summary_large_image","twitter_misc":{"Szacowany czas czytania":"1 minuta"},"schema":{"@context":"https:\/\/schema.org","@graph":[{"@type":"WebPage","@id":"https:\/\/epaso.pl\/index.php\/korzysci\/","url":"https:\/\/epaso.pl\/index.php\/korzysci\/","name":"Korzy\u015bci - epaso.pl","isPartOf":{"@id":"http:\/\/epaso.pl\/#website"},"primaryImageOfPage":{"@id":"https:\/\/epaso.pl\/index.php\/korzysci\/#primaryimage"},"image":{"@id":"https:\/\/epaso.pl\/index.php\/korzysci\/#primaryimage"},"thumbnailUrl":"http:\/\/epaso.pl\/wp-content\/uploads\/2018\/03\/1-300x189.jpg","datePublished":"2018-03-06T10:06:17+00:00","dateModified":"2018-04-23T10:39:14+00:00","breadcrumb":{"@id":"https:\/\/epaso.pl\/index.php\/korzysci\/#breadcrumb"},"inLanguage":"pl-PL","potentialAction":[{"@type":"ReadAction","target":["https:\/\/epaso.pl\/index.php\/korzysci\/"]}]},{"@type":"ImageObject","inLanguage":"pl-PL","@id":"https:\/\/epaso.pl\/index.php\/korzysci\/#primaryimage","url":"http:\/\/epaso.pl\/wp-content\/uploads\/2018\/03\/1-300x189.jpg","contentUrl":"http:\/\/epaso.pl\/wp-content\/uploads\/2018\/03\/1-300x189.jpg"},{"@type":"BreadcrumbList","@id":"https:\/\/epaso.pl\/index.php\/korzysci\/#breadcrumb","itemListElement":[{"@type":"ListItem","position":1,"name":"Strona g\u0142\u00f3wna","item":"http:\/\/epaso.pl\/"},{"@type":"ListItem","position":2,"name":"Korzy\u015bci"}]},{"@type":"WebSite","@id":"http:\/\/epaso.pl\/#website","url":"http:\/\/epaso.pl\/","name":"epaso.pl","description":"Elektroniczna Platforma Analiz Serwis\u00f3w Og\u0142oszeniowych","potentialAction":[{"@type":"SearchAction","target":{"@type":"EntryPoint","urlTemplate":"http:\/\/epaso.pl\/?s={search_term_string}"},"query-input":{"@type":"PropertyValueSpecification","valueRequired":true,"valueName":"search_term_string"}}],"inLanguage":"pl-PL"}]}},"_links":{"self":[{"href":"https:\/\/epaso.pl\/index.php\/wp-json\/wp\/v2\/pages\/101","targetHints":{"allow":["GET"]}}],"collection":[{"href":"https:\/\/epaso.pl\/index.php\/wp-json\/wp\/v2\/pages"}],"about":[{"href":"https:\/\/epaso.pl\/index.php\/wp-json\/wp\/v2\/types\/page"}],"author":[{"embeddable":true,"href":"https:\/\/epaso.pl\/index.php\/wp-json\/wp\/v2\/users\/1"}],"replies":[{"embeddable":true,"href":"https:\/\/epaso.pl\/index.php\/wp-json\/wp\/v2\/comments?post=101"}],"version-history":[{"count":8,"href":"https:\/\/epaso.pl\/index.php\/wp-json\/wp\/v2\/pages\/101\/revisions"}],"predecessor-version":[{"id":347,"href":"https:\/\/epaso.pl\/index.php\/wp-json\/wp\/v2\/pages\/101\/revisions\/347"}],"wp:attachment":[{"href":"https:\/\/epaso.pl\/index.php\/wp-json\/wp\/v2\/media?parent=101"}],"curies":[{"name":"wp","href":"https:\/\/api.w.org\/{rel}","templated":true}]}}